{"id":295,"date":"2024-11-13T15:39:52","date_gmt":"2024-11-13T15:39:52","guid":{"rendered":"https:\/\/elrustic.com\/?page_id=295"},"modified":"2026-02-03T20:06:47","modified_gmt":"2026-02-03T20:06:47","slug":"home","status":"publish","type":"page","link":"https:\/\/elrustic.com\/ca\/","title":{"rendered":"Home"},"content":{"rendered":"\n\n  <div class=\"banner has-hover has-video\" id=\"banner-2141657064\">\n          <div class=\"banner-inner fill\">\n        <div class=\"banner-bg fill\" >\n            <div class=\"bg fill bg-fill \"><\/div>\n            \t<div class=\"video-overlay no-click fill visible\"><\/div>\n\t<video class=\"video-bg fill visible\" preload playsinline autoplay\n\t\tmuted\t\tloop>\n\t\t<source src=\"https:\/\/elrustic.com\/wp-content\/uploads\/2024\/10\/RUSTIC_INTRO.mov\" type=\"video\/mp4\">\t<\/video>\n                        \n                    <\/div>\n\t\t\n        <div class=\"banner-layers container\">\n            <a class=\"fill\" href=\"https:\/\/elrustic.com\/wp-content\/uploads\/2024\/10\/RUSTIC_INTRO.mov\"  ><div class=\"fill banner-link\"><\/div><\/a>            \n\n\n        <\/div>\n      <\/div>\n\n            \n<style>\n#banner-2141657064 {\n  padding-top: 500px;\n}\n#banner-2141657064 .ux-shape-divider--top svg {\n  height: 150px;\n  --divider-top-width: 100%;\n}\n#banner-2141657064 .ux-shape-divider--bottom svg {\n  height: 150px;\n  --divider-width: 100%;\n}\n<\/style>\n  <\/div>\n\n\n<div class=\"slider-wrapper relative\" id=\"slider-471419760\" >\n    <div class=\"slider slider-nav-circle slider-nav-large slider-nav-light slider-style-normal\"\n        data-flickity-options='{\n            \"cellAlign\": \"center\",\n            \"imagesLoaded\": true,\n            \"lazyLoad\": 1,\n            \"freeScroll\": false,\n            \"wrapAround\": true,\n            \"autoPlay\": 6000,\n            \"pauseAutoPlayOnHover\" : true,\n            \"prevNextButtons\": true,\n            \"contain\" : true,\n            \"adaptiveHeight\" : true,\n            \"dragThreshold\" : 10,\n            \"percentPosition\": true,\n            \"pageDots\": true,\n            \"rightToLeft\": false,\n            \"draggable\": true,\n            \"selectedAttraction\": 0.1,\n            \"parallax\" : 0,\n            \"friction\": 0.6        }'\n        >\n        \n\n\n  <div class=\"banner has-hover\" id=\"banner-1034583586\">\n          <div class=\"banner-inner fill\">\n        <div class=\"banner-bg fill\" >\n            <div class=\"bg fill bg-fill \"><\/div>\n                        <div class=\"overlay\"><\/div>            \n                    <\/div>\n\t\t\n        <div class=\"banner-layers container\">\n            <div class=\"fill banner-link\"><\/div>            \n\n   <div id=\"text-box-1416418075\" class=\"text-box banner-layer x50 md-x50 lg-x50 y50 md-y50 lg-y50 res-text\">\n              <div data-parallax=\"-1\" data-parallax-fade=\"true\">       <div data-animate=\"bounceIn\">           <div class=\"text-box-content text dark\">\n              \n              <div class=\"text-inner text-center\">\n                  \n\n<a href=\"https:\/\/elrustic.com\/pizzes\" target=\"_self\" class=\"button primary is-bevel is-xxlarge\"  style=\"border-radius:30px;\">\n    <span>Carta<\/span>\n  <\/a>\n\n\n\n              <\/div>\n           <\/div>\n       <\/div>       <\/div>              \n<style>\n#text-box-1416418075 {\n  width: 80%;\n}\n#text-box-1416418075 .text-box-content {\n  font-size: 100%;\n}\n@media (min-width:550px) {\n  #text-box-1416418075 {\n    width: 52%;\n  }\n}\n<\/style>\n    <\/div>\n \n\n        <\/div>\n      <\/div>\n\n            \n<style>\n#banner-1034583586 {\n  padding-top: 100%;\n}\n#banner-1034583586 .bg.bg-loaded {\n  background-image: url(https:\/\/elrustic.com\/wp-content\/uploads\/2024\/10\/RUSTIC_PIZZES_WEB04-1024x683.jpg);\n}\n#banner-1034583586 .overlay {\n  background-color: rgba(0, 0, 0, 0);\n}\n#banner-1034583586 .bg {\n  background-position: 68% 27%;\n}\n#banner-1034583586 .ux-shape-divider--top svg {\n  height: 150px;\n  --divider-top-width: 100%;\n}\n#banner-1034583586 .ux-shape-divider--bottom svg {\n  height: 150px;\n  --divider-width: 100%;\n}\n@media (min-width:550px) {\n  #banner-1034583586 {\n    padding-top: 56.25%;\n  }\n  #banner-1034583586 .overlay {\n    background-color: rgba(0, 0, 0, 0.31);\n  }\n}\n<\/style>\n  <\/div>\n\n\n\n     <\/div>\n\n     <div class=\"loading-spin dark large centered\"><\/div>\n\n     \t<\/div>\n\n\n\t<div id=\"gap-373743273\" class=\"gap-element clearfix\" style=\"display:block; height:auto;\">\n\t\t\n<style>\n#gap-373743273 {\n  padding-top: 30px;\n}\n<\/style>\n\t<\/div>\n\t\n\n<div class=\"row row-collapse align-middle align-center\"  id=\"row-877793093\">\n\n\n\t<div id=\"col-1149997423\" class=\"col medium-8 small-12 large-8\"  >\n\t\t\t\t<div class=\"col-inner\"  >\n\t\t\t\n\t\t\t\n\n<p style=\"text-align: center;\"><span style=\"color: #ffffff;\">A Rustic, la nostra passi\u00f3 per la pizza va m\u00e9s enll\u00e0 de la cuina. Som una marca jove amb una \u00e0nima experimentada, formada per un equip amb m\u00e9s de 9 anys d&#8217;experi\u00e8ncia i l\u2019obertura de m\u00e9s de 6 restaurants al llarg del <strong>cam\u00ed.<\/strong><\/span><\/p>\n<p style=\"text-align: center;\">Creiem en la combinaci\u00f3 perfecta entre qualitat, servei i tradici\u00f3, sempre posant al client al centre de tot el que fem. Per aix\u00f2 seleccionem amb cura els millors ingredients i els transformem en experi\u00e8ncies \u00faniques que celebren els sabors aut\u00e8ntics.<\/p>\n<p style=\"text-align: center;\">A Rustic, treballem amb il\u00b7lusi\u00f3 i dedicaci\u00f3 per oferir-te m\u00e9s que un \u00e0pat: volem que gaudeixis d\u2019una experi\u00e8ncia gastron\u00f2mica especial, perqu\u00e8 sabem que el client no nom\u00e9s \u00e9s important, \u00e9s el nostre motor.<\/p>\n<p style=\"text-align: center;\">Descobreix la nostra proposta, on cada pizza explica una hist\u00f2ria i cada mossegada et connecta amb la nostra ess\u00e8ncia.<\/p>\n<p style=\"text-align: center;\">\u00a0<\/p>\n\n\t\t<\/div>\n\t\t\t\t\t<\/div>\n\n\t\n\n<\/div>\n\n\n\t<div id=\"gap-217039583\" class=\"gap-element clearfix\" style=\"display:block; height:auto;\">\n\t\t\n<style>\n#gap-217039583 {\n  padding-top: 30px;\n}\n<\/style>\n\t<\/div>\n\t\n\n<div class=\"row row-dashed\"  id=\"row-379259887\">\n\n\n\t<div id=\"col-1397715910\" class=\"col medium-4 small-12 large-4\"  >\n\t\t\t\t<div class=\"col-inner\"  >\n\t\t\t\n\t\t\t\n\n\t<div class=\"img has-hover x md-x lg-x y md-y lg-y\" id=\"image_254650673\">\n\t\t\t\t\t\t\t\t<div class=\"img-inner dark\" >\n\t\t\t<img fetchpriority=\"high\" decoding=\"async\" width=\"683\" height=\"1024\" src=\"https:\/\/elrustic.com\/wp-content\/uploads\/2024\/10\/RUSTIC_PIZZES_WEB03-683x1024.jpg\" class=\"attachment-large size-large\" alt=\"\" srcset=\"https:\/\/elrustic.com\/wp-content\/uploads\/2024\/10\/RUSTIC_PIZZES_WEB03-683x1024.jpg 683w, https:\/\/elrustic.com\/wp-content\/uploads\/2024\/10\/RUSTIC_PIZZES_WEB03-200x300.jpg 200w, https:\/\/elrustic.com\/wp-content\/uploads\/2024\/10\/RUSTIC_PIZZES_WEB03-768x1152.jpg 768w, https:\/\/elrustic.com\/wp-content\/uploads\/2024\/10\/RUSTIC_PIZZES_WEB03-1024x1536.jpg 1024w, https:\/\/elrustic.com\/wp-content\/uploads\/2024\/10\/RUSTIC_PIZZES_WEB03-1365x2048.jpg 1365w, https:\/\/elrustic.com\/wp-content\/uploads\/2024\/10\/RUSTIC_PIZZES_WEB03-600x900.jpg 600w, https:\/\/elrustic.com\/wp-content\/uploads\/2024\/10\/RUSTIC_PIZZES_WEB03-scaled.jpg 1707w\" sizes=\"(max-width: 683px) 100vw, 683px\" \/>\t\t\t\t\t\t\n\t\t\t\t\t<\/div>\n\t\t\t\t\t\t\t\t\n<style>\n#image_254650673 {\n  width: 100%;\n}\n<\/style>\n\t<\/div>\n\t\n\n\n\t\t<\/div>\n\t\t\t\t\t<\/div>\n\n\t\n\n\t<div id=\"col-956956829\" class=\"col medium-4 small-12 large-4\"  >\n\t\t\t\t<div class=\"col-inner\"  >\n\t\t\t\n\t\t\t\n\n\t<div class=\"img has-hover x md-x lg-x y md-y lg-y\" id=\"image_1419482471\">\n\t\t\t\t\t\t\t\t<div class=\"img-inner dark\" >\n\t\t\t<img decoding=\"async\" width=\"683\" height=\"1024\" src=\"https:\/\/elrustic.com\/wp-content\/uploads\/2024\/10\/RUSTIC_PIZZES_WEB02-683x1024.jpg\" class=\"attachment-large size-large\" alt=\"\" srcset=\"https:\/\/elrustic.com\/wp-content\/uploads\/2024\/10\/RUSTIC_PIZZES_WEB02-683x1024.jpg 683w, https:\/\/elrustic.com\/wp-content\/uploads\/2024\/10\/RUSTIC_PIZZES_WEB02-200x300.jpg 200w, https:\/\/elrustic.com\/wp-content\/uploads\/2024\/10\/RUSTIC_PIZZES_WEB02-768x1152.jpg 768w, https:\/\/elrustic.com\/wp-content\/uploads\/2024\/10\/RUSTIC_PIZZES_WEB02-1024x1536.jpg 1024w, https:\/\/elrustic.com\/wp-content\/uploads\/2024\/10\/RUSTIC_PIZZES_WEB02-1365x2048.jpg 1365w, https:\/\/elrustic.com\/wp-content\/uploads\/2024\/10\/RUSTIC_PIZZES_WEB02-600x900.jpg 600w, https:\/\/elrustic.com\/wp-content\/uploads\/2024\/10\/RUSTIC_PIZZES_WEB02-scaled.jpg 1707w\" sizes=\"(max-width: 683px) 100vw, 683px\" \/>\t\t\t\t\t\t\n\t\t\t\t\t<\/div>\n\t\t\t\t\t\t\t\t\n<style>\n#image_1419482471 {\n  width: 100%;\n}\n<\/style>\n\t<\/div>\n\t\n\n\n\t\t<\/div>\n\t\t\t\t\t<\/div>\n\n\t\n\n\t<div id=\"col-590701707\" class=\"col medium-4 small-12 large-4\"  >\n\t\t\t\t<div class=\"col-inner\"  >\n\t\t\t\n\t\t\t\n\n\t<div class=\"img has-hover x md-x lg-x y md-y lg-y\" id=\"image_768167475\">\n\t\t\t\t\t\t\t\t<div class=\"img-inner dark\" >\n\t\t\t<img decoding=\"async\" width=\"683\" height=\"1024\" src=\"https:\/\/elrustic.com\/wp-content\/uploads\/2024\/10\/RUSTIC_PIZZES_WEB05-683x1024.jpg\" class=\"attachment-large size-large\" alt=\"\" srcset=\"https:\/\/elrustic.com\/wp-content\/uploads\/2024\/10\/RUSTIC_PIZZES_WEB05-683x1024.jpg 683w, https:\/\/elrustic.com\/wp-content\/uploads\/2024\/10\/RUSTIC_PIZZES_WEB05-200x300.jpg 200w, https:\/\/elrustic.com\/wp-content\/uploads\/2024\/10\/RUSTIC_PIZZES_WEB05-768x1152.jpg 768w, https:\/\/elrustic.com\/wp-content\/uploads\/2024\/10\/RUSTIC_PIZZES_WEB05-1024x1536.jpg 1024w, https:\/\/elrustic.com\/wp-content\/uploads\/2024\/10\/RUSTIC_PIZZES_WEB05-1365x2048.jpg 1365w, https:\/\/elrustic.com\/wp-content\/uploads\/2024\/10\/RUSTIC_PIZZES_WEB05-600x900.jpg 600w, https:\/\/elrustic.com\/wp-content\/uploads\/2024\/10\/RUSTIC_PIZZES_WEB05-scaled.jpg 1707w\" sizes=\"(max-width: 683px) 100vw, 683px\" \/>\t\t\t\t\t\t\n\t\t\t\t\t<\/div>\n\t\t\t\t\t\t\t\t\n<style>\n#image_768167475 {\n  width: 100%;\n}\n<\/style>\n\t<\/div>\n\t\n\n\n\t\t<\/div>\n\t\t\t\t\t<\/div>\n\n\t\n\n\n<style>\n#row-379259887 > .col > .col-inner {\n  background-color: rgb(0,0,0);\n}\n<\/style>\n<\/div>\n\n","protected":false},"excerpt":{"rendered":"","protected":false},"author":1,"featured_media":0,"parent":0,"menu_order":0,"comment_status":"closed","ping_status":"closed","template":"page-transparent-header-light.php","meta":{"footnotes":""},"class_list":["post-295","page","type-page","status-publish","hentry"],"_links":{"self":[{"href":"https:\/\/elrustic.com\/ca\/wp-json\/wp\/v2\/pages\/295","targetHints":{"allow":["GET"]}}],"collection":[{"href":"https:\/\/elrustic.com\/ca\/wp-json\/wp\/v2\/pages"}],"about":[{"href":"https:\/\/elrustic.com\/ca\/wp-json\/wp\/v2\/types\/page"}],"author":[{"embeddable":true,"href":"https:\/\/elrustic.com\/ca\/wp-json\/wp\/v2\/users\/1"}],"replies":[{"embeddable":true,"href":"https:\/\/elrustic.com\/ca\/wp-json\/wp\/v2\/comments?post=295"}],"version-history":[{"count":26,"href":"https:\/\/elrustic.com\/ca\/wp-json\/wp\/v2\/pages\/295\/revisions"}],"predecessor-version":[{"id":819,"href":"https:\/\/elrustic.com\/ca\/wp-json\/wp\/v2\/pages\/295\/revisions\/819"}],"wp:attachment":[{"href":"https:\/\/elrustic.com\/ca\/wp-json\/wp\/v2\/media?parent=295"}],"curies":[{"name":"wp","href":"https:\/\/api.w.org\/{rel}","templated":true}]}}