{"id":614,"date":"2025-10-07T20:06:47","date_gmt":"2025-10-07T20:06:47","guid":{"rendered":"https:\/\/elrustic.com\/?page_id=614"},"modified":"2025-10-08T00:09:48","modified_gmt":"2025-10-08T00:09:48","slug":"cookies","status":"publish","type":"page","link":"https:\/\/elrustic.com\/ca\/cookies\/","title":{"rendered":"Cookies"},"content":{"rendered":"\t\t<div data-elementor-type=\"wp-page\" data-elementor-id=\"614\" class=\"elementor elementor-614\">\n\t\t\t\t<div class=\"elementor-element elementor-element-2b392c4 e-flex e-con-boxed e-con e-parent\" data-id=\"2b392c4\" data-element_type=\"container\" data-e-type=\"container\">\n\t\t\t\t\t<div class=\"e-con-inner\">\n\t\t\t\t<div class=\"elementor-element elementor-element-e252fa6 elementor-widget elementor-widget-text-editor\" data-id=\"e252fa6\" data-element_type=\"widget\" data-e-type=\"widget\" data-widget_type=\"text-editor.default\">\n\t\t\t\t\t\t\t\t\t<h2><span style=\"color: #ffffff;\">POL\u00cdTICA DE COOKIES<\/span><\/h2>\n<p><span style=\"color: #ffffff;\">La present pol\u00edtica de cookies descriu qu\u00e8 s\u00f3n i com s\u2019utilitzen les cookies en aquest lloc web de <strong>EL RUSTIC PIZZA<\/strong> (Terrassa, Barcelona; <a style=\"color: #ffffff;\" href=\"https:\/\/elrustic.com\">https:\/\/elrustic.com<\/a>). Podeu ajustar la configuraci\u00f3 de cookies al vostre navegador en qualsevol moment.<\/span><\/p>\n<h3><span style=\"color: #ffffff;\">1. Qu\u00e8 s\u00f3n les cookies?<\/span><\/h3>\n<p><span style=\"color: #ffffff;\">Les cookies s\u00f3n petits fitxers de text que es descarreguen al dispositiu de l\u2019usuari en accedir a determinades p\u00e0gines web. Permeten emmagatzemar i recuperar informaci\u00f3 sobre la navegaci\u00f3, prefer\u00e8ncies o dispositiu de l\u2019usuari. Algunes cookies s\u00f3n essencials, mentre que d\u2019altres serveixen per recordar prefer\u00e8ncies o recopilar informaci\u00f3 estad\u00edstica.<\/span><\/p>\n<h3><span style=\"color: #ffffff;\">2. Tipus de cookies utilitzades<\/span><\/h3>\n<ul>\n<li><span style=\"color: #ffffff;\"><strong>Cookies t\u00e8cniques o estrictament necess\u00e0ries:<\/strong> Permeten la navegaci\u00f3 pel lloc web i l\u2019\u00fas de les seves funcionalitats b\u00e0siques. No requereixen consentiment previ.<\/span><\/li>\n<li><span style=\"color: #ffffff;\"><strong>Cookies d\u2019an\u00e0lisi o estad\u00edstiques:<\/strong> Permeten quantificar el nombre d\u2019usuaris i aix\u00ed realitzar l\u2019an\u00e0lisi estad\u00edstica de la utilitzaci\u00f3 que fan els usuaris del servei. Aquesta informaci\u00f3 s\u2019utilitza \u00fanicament per a la millora funcional del lloc.<\/span><\/li>\n<\/ul>\n<h3><span style=\"color: #ffffff;\">3. Cookies de tercers<\/span><\/h3>\n<p><span style=\"color: #ffffff;\">Aquesta web pot utilitzar serveis de tercers per dur a terme an\u00e0lisi d\u2019audi\u00e8ncia o serveis estad\u00edstics (com Google Analytics). Les cookies de tercers poden ser gestionades i configurades directament per aquests prove\u00efdors, segons les seves pol\u00edtiques pr\u00f2pies.<\/span><\/p>\n<h3><span style=\"color: #ffffff;\">4. Com gestionar les cookies<\/span><\/h3>\n<p><span style=\"color: #ffffff;\">Podeu ajustar, bloquejar o eliminar les cookies instal\u00b7lades al vostre dispositiu mitjan\u00e7ant la configuraci\u00f3 del vostre navegador. A continuaci\u00f3 teniu enlla\u00e7os informatius per als principals navegadors:<\/span><\/p>\n<ul>\n<li><span style=\"color: #ffffff;\">Firefox: <span style=\"text-decoration: underline;\"><a style=\"color: #ffffff; text-decoration: underline;\" href=\"http:\/\/support.mozilla.org\/ca\/kb\/cookies-informacio-que-els-llocs-web-desen\">configuraci\u00f3 cookies Firefox<\/a><\/span><\/span><\/li>\n<li><span style=\"color: #ffffff;\">Chrome: <span style=\"text-decoration: underline;\"><a style=\"color: #ffffff; text-decoration: underline;\" href=\"https:\/\/support.google.com\/chrome\/answer\/95647?hl=ca\">configuraci\u00f3 cookies Chrome<\/a><\/span><\/span><\/li>\n<li><span style=\"color: #ffffff;\">Explorer: <span style=\"text-decoration: underline;\"><a style=\"color: #ffffff; text-decoration: underline;\" href=\"https:\/\/support.microsoft.com\/ca-es\/help\/17442\/windows-internet-explorer-delete-manage-cookies\">configuraci\u00f3 cookies Explorer<\/a><\/span><\/span><\/li>\n<li><span style=\"color: #ffffff;\">Safari: <span style=\"text-decoration: underline;\"><a style=\"color: #ffffff; text-decoration: underline;\" href=\"http:\/\/support.apple.com\/kb\/ph5042\">configuraci\u00f3 cookies Safari<\/a><\/span><\/span><\/li>\n<\/ul>\n<p><span style=\"color: #ffffff;\">Recordeu que la desactivaci\u00f3 de cookies pot afectar la funcionalitat i experi\u00e8ncia d\u2019\u00fas d\u2019aquest lloc web.<\/span><\/p>\n<h3><span style=\"color: #ffffff;\">5. Actualitzacions de la pol\u00edtica de cookies<\/span><\/h3>\n<p><span style=\"color: #ffffff;\">Aquesta pol\u00edtica de cookies pot modificar-se segons les exig\u00e8ncies legals o per l\u2019evoluci\u00f3 dels serveis prestats. Es recomana consultar regularment la seva versi\u00f3 m\u00e9s recent.<\/span><\/p>\n<p><span style=\"color: #ffffff;\"><strong>\u00daltima actualitzaci\u00f3:<\/strong> Octubre 2025<\/span><\/p>\t\t\t\t\t\t\t\t<\/div>\n\t\t\t\t\t<\/div>\n\t\t\t\t<\/div>\n\t\t\t\t<\/div>\n\t\t","protected":false},"excerpt":{"rendered":"<p>POL\u00cdTICA DE COOKIES La present pol\u00edtica de cookies descriu qu\u00e8 s\u00f3n i com s\u2019utilitzen les cookies en aquest lloc web de EL RUSTIC PIZZA (Terrassa, Barcelona; https:\/\/elrustic.com). Podeu ajustar la configuraci\u00f3 de cookies al vostre navegador en qualsevol moment. 1. Qu\u00e8 s\u00f3n les cookies? Les cookies s\u00f3n petits fitxers de text que es descarreguen al [&#8230;]\n","protected":false},"author":1,"featured_media":0,"parent":0,"menu_order":0,"comment_status":"closed","ping_status":"closed","template":"","meta":{"footnotes":""},"class_list":["post-614","page","type-page","status-publish","hentry"],"_links":{"self":[{"href":"https:\/\/elrustic.com\/ca\/wp-json\/wp\/v2\/pages\/614","targetHints":{"allow":["GET"]}}],"collection":[{"href":"https:\/\/elrustic.com\/ca\/wp-json\/wp\/v2\/pages"}],"about":[{"href":"https:\/\/elrustic.com\/ca\/wp-json\/wp\/v2\/types\/page"}],"author":[{"embeddable":true,"href":"https:\/\/elrustic.com\/ca\/wp-json\/wp\/v2\/users\/1"}],"replies":[{"embeddable":true,"href":"https:\/\/elrustic.com\/ca\/wp-json\/wp\/v2\/comments?post=614"}],"version-history":[{"count":13,"href":"https:\/\/elrustic.com\/ca\/wp-json\/wp\/v2\/pages\/614\/revisions"}],"predecessor-version":[{"id":652,"href":"https:\/\/elrustic.com\/ca\/wp-json\/wp\/v2\/pages\/614\/revisions\/652"}],"wp:attachment":[{"href":"https:\/\/elrustic.com\/ca\/wp-json\/wp\/v2\/media?parent=614"}],"curies":[{"name":"wp","href":"https:\/\/api.w.org\/{rel}","templated":true}]}}