{"id":295,"date":"2024-11-13T15:39:52","date_gmt":"2024-11-13T15:39:52","guid":{"rendered":"https:\/\/elrustic.com\/?page_id=295"},"modified":"2026-02-03T20:06:47","modified_gmt":"2026-02-03T20:06:47","slug":"home","status":"publish","type":"page","link":"https:\/\/elrustic.com\/es\/","title":{"rendered":"Home"},"content":{"rendered":"<div class=\"banner has-hover has-video\" id=\"banner-583848666\">\n          <div class=\"banner-inner fill\">\n        <div class=\"banner-bg fill\" >\n            <div class=\"bg fill bg-fill\"><\/div>\n            \t<div class=\"video-overlay no-click fill visible\"><\/div>\n\t<video class=\"video-bg fill visible\" preload playsinline autoplay\n\t\tmuted\t\tloop>\n\t\t<source src=\"https:\/\/elrustic.com\/wp-content\/uploads\/2024\/10\/RUSTIC_INTRO.mov\" type=\"video\/mp4\">\t<\/video>\n                        \n                    <\/div>\n\t\t\n        <div class=\"banner-layers container\">\n            <a class=\"fill\" href=\"https:\/\/elrustic.com\/wp-content\/uploads\/2024\/10\/RUSTIC_INTRO.mov\"  ><div class=\"fill banner-link\"><\/div><\/a>            \n\n\n        <\/div>\n      <\/div>\n\n            \n<style>\n#banner-583848666 {\n  padding-top: 500px;\n}\n#banner-583848666 .ux-shape-divider--top svg {\n  height: 150px;\n  --divider-top-width: 100%;\n}\n#banner-583848666 .ux-shape-divider--bottom svg {\n  height: 150px;\n  --divider-width: 100%;\n}\n<\/style>\n  <\/div>\n\n\n<div class=\"slider-wrapper relative\" id=\"slider-247540042\" >\n    <div class=\"slider slider-nav-circle slider-nav-large slider-nav-light slider-style-normal\"\n        data-flickity-options='{            \"cellAlign\": \"center\",            \"imagesLoaded\": true,            \"lazyLoad\": 1,            \"freeScroll\": false,            \"wrapAround\": true,            \"autoPlay\": 6000,            \"pauseAutoPlayOnHover\" : true,            \"prevNextButtons\": true,            \"contain\" : true,            \"adaptiveHeight\" : true,            \"dragThreshold\" : 10,            \"percentPosition\": true,            \"pageDots\": true,            \"rightToLeft\": false,            \"draggable\": true,            \"selectedAttraction\": 0.1,            \"parallax\" : 0,            \"friction\": 0.6        }'\n        >\n        \n\n\n  <div class=\"banner has-hover\" id=\"banner-1594792817\">\n          <div class=\"banner-inner fill\">\n        <div class=\"banner-bg fill\" >\n            <div class=\"bg fill bg-fill\"><\/div>\n                        <div class=\"overlay\"><\/div>            \n                    <\/div>\n\t\t\n        <div class=\"banner-layers container\">\n            <div class=\"fill banner-link\"><\/div>            \n\n   <div id=\"text-box-36992011\" class=\"text-box banner-layer x50 md-x50 lg-x50 y50 md-y50 lg-y50 res-text\">\n              <div data-parallax=\"-1\" data-parallax-fade=\"true\">       <div data-animate=\"bounceIn\">           <div class=\"text-box-content text dark\">\n              \n              <div class=\"text-inner text-center\">\n                  \n\n<a href=\"https:\/\/elrustic.com\/es\/pizzes\/\" target=\"_self\" class=\"button primary is-bevel is-xxlarge\"  style=\"border-radius:30px;\">\n    <span>Carta<\/span>\n  <\/a>\n\n\n\n              <\/div>\n           <\/div>\n       <\/div>       <\/div>              \n<style>\n#text-box-36992011 {\n  width: 80%;\n}\n#text-box-36992011 .text-box-content {\n  font-size: 100%;\n}\n@media (min-width:550px) {\n  #text-box-36992011 {\n    width: 52%;\n  }\n}\n<\/style>\n    <\/div>\n \n\n        <\/div>\n      <\/div>\n\n            \n<style>\n#banner-1594792817 {\n  padding-top: 100%;\n}\n#banner-1594792817 .bg.bg-loaded {\n  background-image: url(https:\/\/elrustic.com\/wp-content\/uploads\/2024\/10\/RUSTIC_PIZZES_WEB04-1024x683.jpg);\n}\n#banner-1594792817 .overlay {\n  background-color: rgba(0, 0, 0, 0);\n}\n#banner-1594792817 .bg {\n  background-position: 68% 27%;\n}\n#banner-1594792817 .ux-shape-divider--top svg {\n  height: 150px;\n  --divider-top-width: 100%;\n}\n#banner-1594792817 .ux-shape-divider--bottom svg {\n  height: 150px;\n  --divider-width: 100%;\n}\n@media (min-width:550px) {\n  #banner-1594792817 {\n    padding-top: 56.25%;\n  }\n  #banner-1594792817 .overlay {\n    background-color: rgba(0, 0, 0, 0.31);\n  }\n}\n<\/style>\n  <\/div>\n\n\n\n     <\/div>\n\n     <div class=\"loading-spin dark large centered\"><\/div>\n\n     \t<\/div>\n\n\n\t<div id=\"gap-515841768\" class=\"gap-element clearfix\" style=\"display:block; height:auto;\">\n\t\t\n<style>\n#gap-515841768 {\n  padding-top: 30px;\n}\n<\/style>\n\t<\/div>\n\t\n\n<div class=\"row row-collapse align-middle align-center\"  id=\"row-843397119\">\n\n\n\t<div id=\"col-652365891\" class=\"col medium-8 small-12 large-8\"  >\n\t\t\t\t<div class=\"col-inner\"  >\n\t\t\t\n\t\t\t\n\n<p style=\"text-align: center;\"><span style=\"color: #ffffff;\">En Rustic, nuestra pasi\u00f3n por la pizza va m\u00e1s all\u00e1 de la cocina. Somos una marca joven con un alma experimentada, formada por un equipo con m\u00e1s de 9 a\u00f1os de experiencia y la apertura de m\u00e1s de 6 restaurantes a lo largo del <strong>camino.<\/strong><\/span><\/p>\n<p style=\"text-align: center;\">Creemos en la combinaci\u00f3n perfecta entre calidad, servicio y tradici\u00f3n, siempre poniendo al cliente en el centro de todo lo que hacemos. Por eso seleccionamos con cuidado los mejores ingredientes y los transformamos en experiencias \u00fanicas que celebran los sabores aut\u00e9nticos.<\/p>\n<p style=\"text-align: center;\">En Rustic, trabajamos con ilusi\u00f3n y dedicaci\u00f3n para ofrecerte m\u00e1s que una comida: queremos que disfrutes de una experiencia gastron\u00f3mica especial, porque sabemos que el cliente no solo es importante, es nuestro motor.<\/p>\n<p style=\"text-align: center;\">Descubre nuestra propuesta, donde cada pizza cuenta una historia y cada bocado te conecta con nuestra esencia.<\/p>\n<p style=\"text-align: center;\">\u00a0<\/p>\n\n\t\t<\/div>\n\t\t\t\t\t<\/div>\n\n\t\n\n<\/div>\n\n\n\t<div id=\"gap-420923009\" class=\"gap-element clearfix\" style=\"display:block; height:auto;\">\n\t\t\n<style>\n#gap-420923009 {\n  padding-top: 30px;\n}\n<\/style>\n\t<\/div>\n\t\n\n<div class=\"row row-dashed\"  id=\"row-1199335793\">\n\n\n\t<div id=\"col-966538166\" class=\"col medium-4 small-12 large-4\"  >\n\t\t\t\t<div class=\"col-inner\"  >\n\t\t\t\n\t\t\t\n\n\t<div class=\"img has-hover x md-x lg-x y md-y lg-y\" id=\"image_1856606843\">\n\t\t\t\t\t\t\t\t<div class=\"img-inner dark\" >\n\t\t\t<img fetchpriority=\"high\" decoding=\"async\" width=\"683\" height=\"1024\" src=\"https:\/\/elrustic.com\/wp-content\/uploads\/2024\/10\/RUSTIC_PIZZES_WEB03-683x1024.jpg\" class=\"attachment-large size-large\" alt=\"\" srcset=\"https:\/\/elrustic.com\/wp-content\/uploads\/2024\/10\/RUSTIC_PIZZES_WEB03-683x1024.jpg 683w, https:\/\/elrustic.com\/wp-content\/uploads\/2024\/10\/RUSTIC_PIZZES_WEB03-200x300.jpg 200w, https:\/\/elrustic.com\/wp-content\/uploads\/2024\/10\/RUSTIC_PIZZES_WEB03-768x1152.jpg 768w, https:\/\/elrustic.com\/wp-content\/uploads\/2024\/10\/RUSTIC_PIZZES_WEB03-1024x1536.jpg 1024w, https:\/\/elrustic.com\/wp-content\/uploads\/2024\/10\/RUSTIC_PIZZES_WEB03-1365x2048.jpg 1365w, https:\/\/elrustic.com\/wp-content\/uploads\/2024\/10\/RUSTIC_PIZZES_WEB03-600x900.jpg 600w, https:\/\/elrustic.com\/wp-content\/uploads\/2024\/10\/RUSTIC_PIZZES_WEB03-scaled.jpg 1707w\" sizes=\"(max-width: 683px) 100vw, 683px\" \/>\t\t\t\t\t\t\n\t\t\t\t\t<\/div>\n\t\t\t\t\t\t\t\t\n<style>\n#image_1856606843 {\n  width: 100%;\n}\n<\/style>\n\t<\/div>\n\t\n\n\n\t\t<\/div>\n\t\t\t\t\t<\/div>\n\n\t\n\n\t<div id=\"col-826933888\" class=\"col medium-4 small-12 large-4\"  >\n\t\t\t\t<div class=\"col-inner\"  >\n\t\t\t\n\t\t\t\n\n\t<div class=\"img has-hover x md-x lg-x y md-y lg-y\" id=\"image_1706384284\">\n\t\t\t\t\t\t\t\t<div class=\"img-inner dark\" >\n\t\t\t<img decoding=\"async\" width=\"683\" height=\"1024\" src=\"https:\/\/elrustic.com\/wp-content\/uploads\/2024\/10\/RUSTIC_PIZZES_WEB02-683x1024.jpg\" class=\"attachment-large size-large\" alt=\"\" srcset=\"https:\/\/elrustic.com\/wp-content\/uploads\/2024\/10\/RUSTIC_PIZZES_WEB02-683x1024.jpg 683w, https:\/\/elrustic.com\/wp-content\/uploads\/2024\/10\/RUSTIC_PIZZES_WEB02-200x300.jpg 200w, https:\/\/elrustic.com\/wp-content\/uploads\/2024\/10\/RUSTIC_PIZZES_WEB02-768x1152.jpg 768w, https:\/\/elrustic.com\/wp-content\/uploads\/2024\/10\/RUSTIC_PIZZES_WEB02-1024x1536.jpg 1024w, https:\/\/elrustic.com\/wp-content\/uploads\/2024\/10\/RUSTIC_PIZZES_WEB02-1365x2048.jpg 1365w, https:\/\/elrustic.com\/wp-content\/uploads\/2024\/10\/RUSTIC_PIZZES_WEB02-600x900.jpg 600w, https:\/\/elrustic.com\/wp-content\/uploads\/2024\/10\/RUSTIC_PIZZES_WEB02-scaled.jpg 1707w\" sizes=\"(max-width: 683px) 100vw, 683px\" \/>\t\t\t\t\t\t\n\t\t\t\t\t<\/div>\n\t\t\t\t\t\t\t\t\n<style>\n#image_1706384284 {\n  width: 100%;\n}\n<\/style>\n\t<\/div>\n\t\n\n\n\t\t<\/div>\n\t\t\t\t\t<\/div>\n\n\t\n\n\t<div id=\"col-104922978\" class=\"col medium-4 small-12 large-4\"  >\n\t\t\t\t<div class=\"col-inner\"  >\n\t\t\t\n\t\t\t\n\n\t<div class=\"img has-hover x md-x lg-x y md-y lg-y\" id=\"image_724079960\">\n\t\t\t\t\t\t\t\t<div class=\"img-inner dark\" >\n\t\t\t<img decoding=\"async\" width=\"683\" height=\"1024\" src=\"https:\/\/elrustic.com\/wp-content\/uploads\/2024\/10\/RUSTIC_PIZZES_WEB05-683x1024.jpg\" class=\"attachment-large size-large\" alt=\"\" srcset=\"https:\/\/elrustic.com\/wp-content\/uploads\/2024\/10\/RUSTIC_PIZZES_WEB05-683x1024.jpg 683w, https:\/\/elrustic.com\/wp-content\/uploads\/2024\/10\/RUSTIC_PIZZES_WEB05-200x300.jpg 200w, https:\/\/elrustic.com\/wp-content\/uploads\/2024\/10\/RUSTIC_PIZZES_WEB05-768x1152.jpg 768w, https:\/\/elrustic.com\/wp-content\/uploads\/2024\/10\/RUSTIC_PIZZES_WEB05-1024x1536.jpg 1024w, https:\/\/elrustic.com\/wp-content\/uploads\/2024\/10\/RUSTIC_PIZZES_WEB05-1365x2048.jpg 1365w, https:\/\/elrustic.com\/wp-content\/uploads\/2024\/10\/RUSTIC_PIZZES_WEB05-600x900.jpg 600w, https:\/\/elrustic.com\/wp-content\/uploads\/2024\/10\/RUSTIC_PIZZES_WEB05-scaled.jpg 1707w\" sizes=\"(max-width: 683px) 100vw, 683px\" \/>\t\t\t\t\t\t\n\t\t\t\t\t<\/div>\n\t\t\t\t\t\t\t\t\n<style>\n#image_724079960 {\n  width: 100%;\n}\n<\/style>\n\t<\/div>\n\t\n\n\n\t\t<\/div>\n\t\t\t\t\t<\/div>\n\n\t\n\n\n<style>\n#row-1199335793 > .col > .col-inner {\n  background-color: rgb(0,0,0);\n}\n<\/style>\n<\/div>","protected":false},"excerpt":{"rendered":"","protected":false},"author":1,"featured_media":0,"parent":0,"menu_order":0,"comment_status":"closed","ping_status":"closed","template":"page-transparent-header-light.php","meta":{"footnotes":""},"class_list":["post-295","page","type-page","status-publish","hentry"],"_links":{"self":[{"href":"https:\/\/elrustic.com\/es\/wp-json\/wp\/v2\/pages\/295","targetHints":{"allow":["GET"]}}],"collection":[{"href":"https:\/\/elrustic.com\/es\/wp-json\/wp\/v2\/pages"}],"about":[{"href":"https:\/\/elrustic.com\/es\/wp-json\/wp\/v2\/types\/page"}],"author":[{"embeddable":true,"href":"https:\/\/elrustic.com\/es\/wp-json\/wp\/v2\/users\/1"}],"replies":[{"embeddable":true,"href":"https:\/\/elrustic.com\/es\/wp-json\/wp\/v2\/comments?post=295"}],"version-history":[{"count":26,"href":"https:\/\/elrustic.com\/es\/wp-json\/wp\/v2\/pages\/295\/revisions"}],"predecessor-version":[{"id":819,"href":"https:\/\/elrustic.com\/es\/wp-json\/wp\/v2\/pages\/295\/revisions\/819"}],"wp:attachment":[{"href":"https:\/\/elrustic.com\/es\/wp-json\/wp\/v2\/media?parent=295"}],"curies":[{"name":"wp","href":"https:\/\/api.w.org\/{rel}","templated":true}]}}