{"id":424,"date":"2024-11-25T16:43:28","date_gmt":"2024-11-25T16:43:28","guid":{"rendered":"https:\/\/elrustic.com\/?page_id=424"},"modified":"2026-02-03T20:05:36","modified_gmt":"2026-02-03T20:05:36","slug":"contacte","status":"publish","type":"page","link":"https:\/\/elrustic.com\/es\/contacte\/","title":{"rendered":"Franqu\u00edcia&#8217;t"},"content":{"rendered":"<section class=\"section\" id=\"section_667887997\">\n\t\t<div class=\"bg section-bg fill bg-fill  bg-loaded\" >\n\n\t\t\t\n\t\t\t\n\t\t\t\n\n\t\t<\/div>\n\n\t\t\n\n\t\t<div class=\"section-content relative\">\n\t\t\t\n\n<div class=\"row row-collapse row-full-width\"  id=\"row-137884592\">\n\n\n\t<div id=\"col-1734663446\" class=\"col small-12 large-12\"  >\n\t\t\t\t<div class=\"col-inner\"  >\n\t\t\t\n\t\t\t\n\n\n  <div class=\"banner has-hover\" id=\"banner-134576544\">\n          <div class=\"banner-inner fill\">\n        <div class=\"banner-bg fill\" >\n            <div class=\"bg fill bg-fill\"><\/div>\n                                    \n                    <\/div>\n\t\t\n        <div class=\"banner-layers container\">\n            <div class=\"fill banner-link\"><\/div>            \n\n\n        <\/div>\n      <\/div>\n\n            \n<style>\n#banner-134576544 {\n  padding-top: 350px;\n  background-color: rgb(212, 225, 231);\n}\n#banner-134576544 .bg.bg-loaded {\n  background-image: url(https:\/\/elrustic.com\/wp-content\/uploads\/2024\/10\/RUSTIC_PIZZES_WEB14-1024x683.jpg);\n}\n#banner-134576544 .bg {\n  background-position: 53% 48%;\n}\n#banner-134576544 .ux-shape-divider--top svg {\n  height: 150px;\n  --divider-top-width: 100%;\n}\n#banner-134576544 .ux-shape-divider--bottom svg {\n  height: 150px;\n  --divider-width: 100%;\n}\n@media (min-width:550px) {\n  #banner-134576544 {\n    padding-top: 500px;\n  }\n}\n<\/style>\n  <\/div>\n\n\n\n\t\t<\/div>\n\t\t\t\t\n<style>\n#col-1734663446 > .col-inner {\n  padding: 10px 10px 0px 10px;\n}\n@media (min-width:550px) {\n  #col-1734663446 > .col-inner {\n    padding: 30px 30px 0px 30px;\n  }\n}\n<\/style>\n\t<\/div>\n\n\t\n\n<\/div>\n<div class=\"row row-collapse\"  id=\"row-640357801\">\n\n\n\t<div id=\"col-524667321\" class=\"col medium-6 small-6 large-6\"  >\n\t\t\t\t<div class=\"col-inner\"  >\n\t\t\t\n\t\t\t\n\n\t<div id=\"gap-1853710901\" class=\"gap-element clearfix\" style=\"display:block; height:auto;\">\n\t\t\n<style>\n#gap-1853710901 {\n  padding-top: 50px;\n}\n@media (min-width:550px) {\n  #gap-1853710901 {\n    padding-top: 100px;\n  }\n}\n<\/style>\n\t<\/div>\n\t\n\n\n\t\t<\/div>\n\t\t\t\t\t<\/div>\n\n\t\n\n\t<div id=\"col-1253507006\" class=\"col medium-6 small-6 large-6\"  >\n\t\t\t\t<div class=\"col-inner\"  >\n\t\t\t\n\t<div class=\"is-border\"\n\t\tstyle=\"border-color:rgb(39, 54, 71);border-width:0px 0px 0px 3px;\">\n\t<\/div>\n\t\t\t\n\n\t<div id=\"gap-2129934774\" class=\"gap-element clearfix\" style=\"display:block; height:auto;\">\n\t\t\n<style>\n#gap-2129934774 {\n  padding-top: 150px;\n}\n<\/style>\n\t<\/div>\n\t\n\n\n\t\t<\/div>\n\t\t\t\t\n<style>\n#col-1253507006 > .col-inner {\n  margin: -85px 0px 0px 0px;\n}\n<\/style>\n\t<\/div>\n\n\t\n\n<\/div>\n<div class=\"row align-middle align-center\" style=\"max-width:700px\" id=\"row-1215939256\">\n\n\n\t<div id=\"col-1987178413\" class=\"col small-12 large-12\"  >\n\t\t\t\t<div class=\"col-inner text-center\"  >\n\t\t\t\n\t\t\t\n\n\t<div id=\"gap-499074228\" class=\"gap-element clearfix\" style=\"display:block; height:auto;\">\n\t\t\n<style>\n#gap-499074228 {\n  padding-top: 30px;\n}\n<\/style>\n\t<\/div>\n\t\n\n\t<div id=\"text-1833648157\" class=\"text\">\n\t\t\n\n<h1><span style=\"color: #fafafa;\">S\u00e9 una tienda R\u00fastic<\/span><\/h1>\n\t\t\n<style>\n#text-1833648157 {\n  font-size: 1.75rem;\n}\n<\/style>\n\t<\/div>\n\t\n<p><span style=\"color: #ffffff;\">\u00bfQuieres formar parte del \u00e9xito de Rustic y abrir tu propia pizzer\u00eda? \u00danete a nuestra familia y lleva la experiencia \u00fanica de Rustic a tu ciudad.<\/span><\/p>\n<p><span style=\"color: #ffffff;\">Env\u00edanos tus datos a trav\u00e9s del formulario y te explicaremos c\u00f3mo comenzar este apasionante viaje al mundo de la restauraci\u00f3n. \u00a1Juntos, hcemos crecer la esencia Rustic!<\/span><\/p>\n\n\t\t<\/div>\n\t\t\t\t\t<\/div>\n\n\t\n\n<\/div>\n<div class=\"row row-collapse\" style=\"max-width:900px\" id=\"row-611199963\">\n\n\n\t<div id=\"col-2089591415\" class=\"col medium-4 small-12 large-4\"  >\n\t\t\t\t<div class=\"col-inner\"  >\n\t\t\t\n\t\t\t\n\n\n\t\t<div class=\"icon-box featured-box icon-box-center text-center\"  >\n\t\t\t\t\t<div class=\"icon-box-img\" style=\"width: 40px\">\n\t\t\t\t<div class=\"icon\">\n\t\t\t\t\t<div class=\"icon-inner\" style=\"color:rgb(242, 242, 242);\">\n\t\t\t\t\t\t<img decoding=\"async\" width=\"120\" height=\"120\" src=\"https:\/\/elrustic.com\/wp-content\/uploads\/2024\/11\/mail-fill.png\" class=\"attachment-medium size-medium\" alt=\"\" srcset=\"https:\/\/elrustic.com\/wp-content\/uploads\/2024\/11\/mail-fill.png 120w, https:\/\/elrustic.com\/wp-content\/uploads\/2024\/11\/mail-fill-100x100.png 100w\" sizes=\"(max-width: 120px) 100vw, 120px\" \/>\t\t\t\t\t<\/div>\n\t\t\t\t<\/div>\n\t\t\t<\/div>\n\t\t\t\t<div class=\"icon-box-text last-reset\">\n\t\t\t\t\t\t\t\t\t\n\n\t<div id=\"text-4276105734\" class=\"text\">\n\t\t\n\n<h4><span style=\"color: #ffffff;\">E-Mail<\/span><\/h4>\n<p><strong><span style=\"color: #ffffff;\">info@elrustic.com<\/span><\/strong><\/p>\n\t\t\n<style>\n#text-4276105734 {\n  line-height: 1;\n}\n<\/style>\n\t<\/div>\n\t\n\n\t\t<\/div>\n\t<\/div>\n\t\n\t\n\t<div id=\"gap-340819325\" class=\"gap-element clearfix\" style=\"display:block; height:auto;\">\n\t\t\n<style>\n#gap-340819325 {\n  padding-top: 20px;\n}\n<\/style>\n\t<\/div>\n\t\n\n\n\t\t<\/div>\n\t\t\t\t\t<\/div>\n\n\t\n\n\t<div id=\"col-570098817\" class=\"col medium-4 small-12 large-4\"  >\n\t\t\t\t<div class=\"col-inner\"  >\n\t\t\t\n\t\t\t\n\n\n\t\t<div class=\"icon-box featured-box icon-box-center text-center\"  >\n\t\t\t\t\t<div class=\"icon-box-img\" style=\"width: 40px\">\n\t\t\t\t<div class=\"icon\">\n\t\t\t\t\t<div class=\"icon-inner\" style=\"color:rgb(246, 246, 246);\">\n\t\t\t\t\t\t<img decoding=\"async\" width=\"120\" height=\"120\" src=\"https:\/\/elrustic.com\/wp-content\/uploads\/2024\/11\/map-pin-2-fill.png\" class=\"attachment-medium size-medium\" alt=\"\" srcset=\"https:\/\/elrustic.com\/wp-content\/uploads\/2024\/11\/map-pin-2-fill.png 120w, https:\/\/elrustic.com\/wp-content\/uploads\/2024\/11\/map-pin-2-fill-100x100.png 100w\" sizes=\"(max-width: 120px) 100vw, 120px\" \/>\t\t\t\t\t<\/div>\n\t\t\t\t<\/div>\n\t\t\t<\/div>\n\t\t\t\t<div class=\"icon-box-text last-reset\">\n\t\t\t\t\t\t\t\t\t\n\n\t<div id=\"text-488137135\" class=\"text\">\n\t\t\n\n<h4><span style=\"color: #ffffff;\">Direcci\u00f3n<\/span><\/h4>\n<p><strong><span style=\"color: #ffffff;\">Ctra. Matadepera 297, 08225 Terrassa<\/span><\/strong><\/p>\n\n\t\t\n<style>\n#text-488137135 {\n  line-height: 1;\n}\n<\/style>\n\t<\/div>\n\t\n\n\t\t<\/div>\n\t<\/div>\n\t\n\t\n\n\t\t<\/div>\n\t\t\t\t\t<\/div>\n\n\t\n\n\t<div id=\"col-1409594005\" class=\"col medium-4 small-12 large-4\"  >\n\t\t\t\t<div class=\"col-inner\"  >\n\t\t\t\n\t\t\t\n\n\n\t\t<div class=\"icon-box featured-box icon-box-center text-center\"  >\n\t\t\t\t\t<div class=\"icon-box-img\" style=\"width: 40px\">\n\t\t\t\t<div class=\"icon\">\n\t\t\t\t\t<div class=\"icon-inner\" >\n\t\t\t\t\t\t<img decoding=\"async\" width=\"120\" height=\"120\" src=\"https:\/\/elrustic.com\/wp-content\/uploads\/2024\/11\/phone-fill-1.png\" class=\"attachment-medium size-medium\" alt=\"\" srcset=\"https:\/\/elrustic.com\/wp-content\/uploads\/2024\/11\/phone-fill-1.png 120w, https:\/\/elrustic.com\/wp-content\/uploads\/2024\/11\/phone-fill-1-100x100.png 100w\" sizes=\"(max-width: 120px) 100vw, 120px\" \/>\t\t\t\t\t<\/div>\n\t\t\t\t<\/div>\n\t\t\t<\/div>\n\t\t\t\t<div class=\"icon-box-text last-reset\">\n\t\t\t\t\t\t\t\t\t\n\n\t<div id=\"text-3610342317\" class=\"text\">\n\t\t\n\n<h4><strong><span style=\"color: #ffffff;\">Tel\u00e8fon oficines<\/span><\/strong><\/h4>\n<p><strong><span style=\"color: #ffffff;\">666\u00b767\u00b763\u00b731<\/span><\/strong><\/p>\n\n\t\t\n<style>\n#text-3610342317 {\n  line-height: 1;\n}\n<\/style>\n\t<\/div>\n\t\n\n\t\t<\/div>\n\t<\/div>\n\t\n\t\n\n\t\t<\/div>\n\t\t\t\t\t<\/div>\n\n\t\n\n<\/div>\n<div class=\"row\"  id=\"row-104280223\">\n\n\n\t<div id=\"col-1937322243\" class=\"col small-12 large-12\"  >\n\t\t\t\t<div class=\"col-inner\"  >\n\t\t\t\n\t\t\t\n\n\n<div class=\"wpcf7 no-js\" id=\"wpcf7-f585-o1\" lang=\"es-ES\" dir=\"ltr\" data-wpcf7-id=\"585\">\n<div class=\"screen-reader-response\"><p role=\"status\" aria-live=\"polite\" aria-atomic=\"true\"><\/p> <ul><\/ul><\/div>\n<form action=\"\/es\/wp-json\/wp\/v2\/pages\/424#wpcf7-f585-o1\" method=\"post\" class=\"wpcf7-form init\" aria-label=\"Formulario de contacto\" novalidate=\"novalidate\" data-status=\"init\" data-trp-original-action=\"\/es\/wp-json\/wp\/v2\/pages\/424#wpcf7-f585-o1\">\n<fieldset class=\"hidden-fields-container\"><input type=\"hidden\" name=\"_wpcf7\" value=\"585\" \/><input type=\"hidden\" name=\"_wpcf7_version\" value=\"6.1.5\" \/><input type=\"hidden\" name=\"_wpcf7_locale\" value=\"es_ES\" \/><input type=\"hidden\" name=\"_wpcf7_unit_tag\" value=\"wpcf7-f585-o1\" \/><input type=\"hidden\" name=\"_wpcf7_container_post\" value=\"0\" \/><input type=\"hidden\" name=\"_wpcf7_posted_data_hash\" value=\"\" \/>\n<\/fieldset>\n<p><label> Nombre<br \/>\n<span class=\"wpcf7-form-control-wrap\" data-name=\"your-name\"><input size=\"40\" maxlength=\"400\" class=\"wpcf7-form-control wpcf7-text wpcf7-validates-as-required\" autocomplete=\"name\" aria-required=\"true\" aria-invalid=\"false\" value=\"\" type=\"text\" name=\"your-name\" \/><\/span> <\/label>\n<\/p>\n<p><label> E-Mail<br \/>\n<span class=\"wpcf7-form-control-wrap\" data-name=\"your-email\"><input size=\"40\" maxlength=\"400\" class=\"wpcf7-form-control wpcf7-email wpcf7-validates-as-required wpcf7-text wpcf7-validates-as-email\" autocomplete=\"email\" aria-required=\"true\" aria-invalid=\"false\" value=\"\" type=\"email\" name=\"your-email\" \/><\/span> <\/label>\n<\/p>\n<p><label> Asunto<br \/>\n<span class=\"wpcf7-form-control-wrap\" data-name=\"your-subject\"><input size=\"40\" maxlength=\"400\" class=\"wpcf7-form-control wpcf7-text wpcf7-validates-as-required\" aria-required=\"true\" aria-invalid=\"false\" value=\"\" type=\"text\" name=\"your-subject\" \/><\/span> <\/label>\n<\/p>\n<p><label> Tel\u00e9fono<br \/>\n<span class=\"wpcf7-form-control-wrap\" data-name=\"your-subject\"><input size=\"40\" maxlength=\"400\" class=\"wpcf7-form-control wpcf7-text wpcf7-validates-as-required\" aria-required=\"true\" aria-invalid=\"false\" value=\"\" type=\"text\" name=\"your-subject\" \/><\/span> <\/label>\n<\/p>\n<p><label> Mensaje (opcional)<br \/>\n<span class=\"wpcf7-form-control-wrap\" data-name=\"your-message\"><textarea cols=\"40\" rows=\"10\" maxlength=\"2000\" class=\"wpcf7-form-control wpcf7-textarea\" aria-invalid=\"false\" name=\"your-message\"><\/textarea><\/span> <\/label>\n<\/p>\n<p><input class=\"wpcf7-form-control wpcf7-submit has-spinner\" type=\"submit\" value=\"Enviar\" \/>\n<\/p><div class=\"wpcf7-response-output\" aria-hidden=\"true\"><\/div>\n<input type=\"hidden\" name=\"trp-form-language\" value=\"es\"\/><\/form>\n<\/div>\n\n\n\n\t\t<\/div>\n\t\t\t\t\t<\/div>\n\n\t\n\n<\/div>\n\n\t\t<\/div>\n\n\t\t\n<style>\n#section_667887997 {\n  padding-top: 30px;\n  padding-bottom: 30px;\n  background-color: rgb(0,0,0);\n}\n#section_667887997 .ux-shape-divider--top svg {\n  height: 150px;\n  --divider-top-width: 100%;\n}\n#section_667887997 .ux-shape-divider--bottom svg {\n  height: 150px;\n  --divider-width: 100%;\n}\n<\/style>\n\t<\/section>\n\t\n\t<section class=\"section\" id=\"section_155816545\">\n\t\t<div class=\"bg section-bg fill bg-fill  bg-loaded\" >\n\n\t\t\t\n\t\t\t\n\t\t\t\n\n\t\t<\/div>\n\n\t\t\n\n\t\t<div class=\"section-content relative\">\n\t\t\t\n\n<div class=\"row row-small\" style=\"max-width:1300px\" id=\"row-947175907\">\n\n\n\t<div id=\"col-773698246\" class=\"col medium-4 small-12 large-4\"  >\n\t\t\t\t<div class=\"col-inner\"  >\n\t\t\t\n\t\t\t\n\n\n  <div class=\"banner has-hover bg-glow\" id=\"banner-1819764567\">\n          <div class=\"banner-inner fill\">\n        <div class=\"banner-bg fill\" >\n            <div class=\"bg fill bg-fill\"><\/div>\n                                    \n                    <\/div>\n\t\t\n        <div class=\"banner-layers container\">\n            <a class=\"fill\" href=\"#\"  ><div class=\"fill banner-link\"><\/div><\/a>            \n\n\n        <\/div>\n      <\/div>\n\n            \n<style>\n#banner-1819764567 {\n  padding-top: 99.99%;\n  background-color: rgb(255, 255, 255);\n}\n#banner-1819764567 .bg.bg-loaded {\n  background-image: url(https:\/\/elrustic.com\/wp-content\/uploads\/2024\/11\/RUSTIC_PIZZES_WEB03-683x1024.jpg);\n}\n#banner-1819764567 .ux-shape-divider--top svg {\n  height: 150px;\n  --divider-top-width: 100%;\n}\n#banner-1819764567 .ux-shape-divider--bottom svg {\n  height: 150px;\n  --divider-width: 100%;\n}\n<\/style>\n  <\/div>\n\n\n\n\t\t<\/div>\n\t\t\t\t\t<\/div>\n\n\t\n\n\t<div id=\"col-1499978042\" class=\"col medium-4 small-12 large-4\"  >\n\t\t\t\t<div class=\"col-inner\"  >\n\t\t\t\n\t\t\t\n\n\n  <div class=\"banner has-hover bg-glow\" id=\"banner-2142179370\">\n          <div class=\"banner-inner fill\">\n        <div class=\"banner-bg fill\" >\n            <div class=\"bg fill bg-fill\"><\/div>\n                                    \n                    <\/div>\n\t\t\n        <div class=\"banner-layers container\">\n            <a class=\"fill\" href=\"#\"  ><div class=\"fill banner-link\"><\/div><\/a>            \n\n\n        <\/div>\n      <\/div>\n\n            \n<style>\n#banner-2142179370 {\n  padding-top: 99.99%;\n  background-color: rgb(255, 255, 255);\n}\n#banner-2142179370 .bg.bg-loaded {\n  background-image: url(https:\/\/elrustic.com\/wp-content\/uploads\/2024\/11\/RUSTIC_PIZZES_WEB13-1024x683.jpg);\n}\n#banner-2142179370 .ux-shape-divider--top svg {\n  height: 150px;\n  --divider-top-width: 100%;\n}\n#banner-2142179370 .ux-shape-divider--bottom svg {\n  height: 150px;\n  --divider-width: 100%;\n}\n<\/style>\n  <\/div>\n\n\n\n\t\t<\/div>\n\t\t\t\t\t<\/div>\n\n\t\n\n\t<div id=\"col-458634900\" class=\"col medium-4 small-12 large-4\"  >\n\t\t\t\t<div class=\"col-inner\"  >\n\t\t\t\n\t\t\t\n\n\n  <div class=\"banner has-hover bg-glow\" id=\"banner-350748920\">\n          <div class=\"banner-inner fill\">\n        <div class=\"banner-bg fill\" >\n            <div class=\"bg fill bg-fill\"><\/div>\n                                    \n                    <\/div>\n\t\t\n        <div class=\"banner-layers container\">\n            <a class=\"fill\" href=\"#\"  ><div class=\"fill banner-link\"><\/div><\/a>            \n\n\n        <\/div>\n      <\/div>\n\n            \n<style>\n#banner-350748920 {\n  padding-top: 99.99%;\n  background-color: rgb(255, 255, 255);\n}\n#banner-350748920 .bg.bg-loaded {\n  background-image: url(https:\/\/elrustic.com\/wp-content\/uploads\/2024\/11\/RUSTIC_PIZZES_WEB07-1024x683.jpg);\n}\n#banner-350748920 .ux-shape-divider--top svg {\n  height: 150px;\n  --divider-top-width: 100%;\n}\n#banner-350748920 .ux-shape-divider--bottom svg {\n  height: 150px;\n  --divider-width: 100%;\n}\n<\/style>\n  <\/div>\n\n\n\n\t\t<\/div>\n\t\t\t\t\t<\/div>\n\n\t\n\n<\/div>\n\n\t\t<\/div>\n\n\t\t\n<style>\n#section_155816545 {\n  padding-top: 30px;\n  padding-bottom: 30px;\n}\n#section_155816545 .ux-shape-divider--top svg {\n  height: 150px;\n  --divider-top-width: 100%;\n}\n#section_155816545 .ux-shape-divider--bottom svg {\n  height: 150px;\n  --divider-width: 100%;\n}\n<\/style>\n\t<\/section>\n\t\n\t<section class=\"section\" id=\"section_992059374\">\n\t\t<div class=\"bg section-bg fill bg-fill  bg-loaded\" >\n\n\t\t\t\n\t\t\t\n\t\t\t\n\n\t\t<\/div>\n\n\t\t\n\n\t\t<div class=\"section-content relative\">\n\t\t\t\n\n<div class=\"row\"  id=\"row-614896222\">\n\n\n\t<div id=\"col-931359229\" class=\"col small-12 large-12\"  >\n\t\t\t\t<div class=\"col-inner\"  >\n\t\t\t\n\t\t\t\n\n\t<div id=\"text-2059420114\" class=\"text\">\n\t\t\n\n<div class=\"spbsm-followbuttons-output-wrapper\"><!-- Superb Social Share and Follow Buttons --><div class=\"spbsm-output-textstring\">Follow us on Social Media<\/div><div class=\"spbsm-button-wrapper-flat\"><span class=\"spbsm-follow-tiktok\"><a href=\"\/es\/S\u00edguenos en TikTok\/\" rel=\"nofollow\" target=\"_blank\"><svg role=\"img\" viewbox=\"0 0 24 24\" xmlns=\"http:\/\/www.w3.org\/2000\/svg\"><path d=\"M12.525.02c1.31-.02 2.61-.01 3.91-.02.08 1.53.63 3.09 1.75 4.17 1.12 1.11 2.7 1.62 4.24 1.79v4.03c-1.44-.05-2.89-.35-4.2-.97-.57-.26-1.1-.59-1.62-.93-.01 2.92.01 5.84-.02 8.75-.08 1.4-.54 2.79-1.35 3.94-1.31 1.92-3.58 3.17-5.91 3.21-1.43.08-2.86-.31-4.08-1.03-2.02-1.19-3.44-3.37-3.65-5.71-.02-.5-.03-1-.01-1.49.18-1.9 1.12-3.72 2.58-4.96 1.66-1.44 3.98-2.13 6.15-1.72.02 1.48-.04 2.96-.04 4.44-.99-.32-2.15-.23-3.02.37-.63.41-1.11 1.04-1.36 1.75-.21.51-.15 1.07-.14 1.61.24 1.64 1.82 3.02 3.5 2.87 1.12-.01 2.19-.66 2.77-1.61.19-.33.4-.67.41-1.06.1-1.79.06-3.57.07-5.36.01-4.03-.01-8.05.02-12.07z\" \/><\/svg>tiktok<\/a><\/span><span class=\"spbsm-follow-instagram\"><a href=\"\/es\/S\u00edguenos en Instagram\/\" rel=\"nofollow\" target=\"_blank\"><svg role=\"img\" viewbox=\"0 0 24 24\" xmlns=\"http:\/\/www.w3.org\/2000\/svg\"><path d=\"M7.0301.084c-1.2768.0602-2.1487.264-2.911.5634-.7888.3075-1.4575.72-2.1228 1.3877-.6652.6677-1.075 1.3368-1.3802 2.127-.2954.7638-.4956 1.6365-.552 2.914-.0564 1.2775-.0689 1.6882-.0626 4.947.0062 3.2586.0206 3.6671.0825 4.9473.061 1.2765.264 2.1482.5635 2.9107.308.7889.72 1.4573 1.388 2.1228.6679.6655 1.3365 1.0743 2.1285 1.38.7632.295 1.6361.4961 2.9134.552 1.2773.056 1.6884.069 4.9462.0627 3.2578-.0062 3.668-.0207 4.9478-.0814 1.28-.0607 2.147-.2652 2.9098-.5633.7889-.3086 1.4578-.72 2.1228-1.3881.665-.6682 1.0745-1.3378 1.3795-2.1284.2957-.7632.4966-1.636.552-2.9124.056-1.2809.0692-1.6898.063-4.948-.0063-3.2583-.021-3.6668-.0817-4.9465-.0607-1.2797-.264-2.1487-.5633-2.9117-.3084-.7889-.72-1.4568-1.3876-2.1228C21.2982 1.33 20.628.9208 19.8378.6165 19.074.321 18.2017.1197 16.9244.0645 15.6471.0093 15.236-.005 11.977.0014 8.718.0076 8.31.0215 7.0301.0839m.1402 21.6932c-1.17-.0509-1.8053-.2453-2.2287-.408-.5606-.216-.96-.4771-1.3819-.895-.422-.4178-.6811-.8186-.9-1.378-.1644-.4234-.3624-1.058-.4171-2.228-.0595-1.2645-.072-1.6442-.079-4.848-.007-3.2037.0053-3.583.0607-4.848.05-1.169.2456-1.805.408-2.2282.216-.5613.4762-.96.895-1.3816.4188-.4217.8184-.6814 1.3783-.9003.423-.1651 1.0575-.3614 2.227-.4171 1.2655-.06 1.6447-.072 4.848-.079 3.2033-.007 3.5835.005 4.8495.0608 1.169.0508 1.8053.2445 2.228.408.5608.216.96.4754 1.3816.895.4217.4194.6816.8176.9005 1.3787.1653.4217.3617 1.056.4169 2.2263.0602 1.2655.0739 1.645.0796 4.848.0058 3.203-.0055 3.5834-.061 4.848-.051 1.17-.245 1.8055-.408 2.2294-.216.5604-.4763.96-.8954 1.3814-.419.4215-.8181.6811-1.3783.9-.4224.1649-1.0577.3617-2.2262.4174-1.2656.0595-1.6448.072-4.8493.079-3.2045.007-3.5825-.006-4.848-.0608M16.953 5.5864A1.44 1.44 0 1 0 18.39 4.144a1.44 1.44 0 0 0-1.437 1.4424M5.8385 12.012c.0067 3.4032 2.7706 6.1557 6.173 6.1493 3.4026-.0065 6.157-2.7701 6.1506-6.1733-.0065-3.4032-2.771-6.1565-6.174-6.1498-3.403.0067-6.156 2.771-6.1496 6.1738M8 12.0077a4 4 0 1 1 4.008 3.9921A3.9996 3.9996 0 0 1 8 12.0077\" \/><\/svg>instagram<\/a><\/span><\/div><\/div>\n\t\t\n<style>\n#text-2059420114 {\n  text-align: center;\n}\n<\/style>\n\t<\/div>\n\t\n\n\t\t<\/div>\n\t\t\t\t\t<\/div>\n\n\t\n\n<\/div>\n\n\t\t<\/div>\n\n\t\t\n<style>\n#section_992059374 {\n  padding-top: 30px;\n  padding-bottom: 30px;\n}\n#section_992059374 .ux-shape-divider--top svg {\n  height: 150px;\n  --divider-top-width: 100%;\n}\n#section_992059374 .ux-shape-divider--bottom svg {\n  height: 150px;\n  --divider-width: 100%;\n}\n<\/style>\n\t<\/section>\n\t\n\t<div id=\"gap-546872893\" class=\"gap-element clearfix\" style=\"display:block; height:auto;\">\n\t\t\n<style>\n#gap-546872893 {\n  padding-top: 30px;\n}\n<\/style>\n\t<\/div>\n\t\n\n<div class=\"row row-collapse align-middle align-center row-divided\"  id=\"row-1952892709\">\n\n\n\t<div id=\"col-322195954\" class=\"col medium-7 small-12 large-7\"  >\n\t\t\t\t<div class=\"col-inner text-center\"  >\n\t\t\t\n\t\t\t\n\n<p><iframe src=\"https:\/\/www.google.com\/maps\/embed?pb=!1m18!1m12!1m3!1d2985.4255187818762!2d2.0035923765520085!3d41.5600343712784!2m3!1f0!2f0!3f0!3m2!1i1024!2i768!4f13.1!3m3!1m2!1s0x12a49294eb552dd5%3A0x942ec4f170501c88!2sC.%20Arquimedes%2C%20135%2C%2008224%20Terrassa%2C%20Barcelona!5e0!3m2!1ses!2ses!4v1732553751147!5m2!1ses!2ses\" width=\"600\" height=\"450\" style=\"border:0;\" allowfullscreen=\"\" loading=\"lazy\" referrerpolicy=\"no-referrer-when-downgrade\"><\/iframe><\/p>\n\n\t\t<\/div>\n\t\t\t\t\t<\/div>\n\n\t\n\n<\/div>","protected":false},"excerpt":{"rendered":"","protected":false},"author":1,"featured_media":0,"parent":0,"menu_order":0,"comment_status":"closed","ping_status":"closed","template":"page-blank.php","meta":{"footnotes":""},"class_list":["post-424","page","type-page","status-publish","hentry"],"_links":{"self":[{"href":"https:\/\/elrustic.com\/es\/wp-json\/wp\/v2\/pages\/424","targetHints":{"allow":["GET"]}}],"collection":[{"href":"https:\/\/elrustic.com\/es\/wp-json\/wp\/v2\/pages"}],"about":[{"href":"https:\/\/elrustic.com\/es\/wp-json\/wp\/v2\/types\/page"}],"author":[{"embeddable":true,"href":"https:\/\/elrustic.com\/es\/wp-json\/wp\/v2\/users\/1"}],"replies":[{"embeddable":true,"href":"https:\/\/elrustic.com\/es\/wp-json\/wp\/v2\/comments?post=424"}],"version-history":[{"count":53,"href":"https:\/\/elrustic.com\/es\/wp-json\/wp\/v2\/pages\/424\/revisions"}],"predecessor-version":[{"id":818,"href":"https:\/\/elrustic.com\/es\/wp-json\/wp\/v2\/pages\/424\/revisions\/818"}],"wp:attachment":[{"href":"https:\/\/elrustic.com\/es\/wp-json\/wp\/v2\/media?parent=424"}],"curies":[{"name":"wp","href":"https:\/\/api.w.org\/{rel}","templated":true}]}}