{"id":614,"date":"2025-10-07T20:06:47","date_gmt":"2025-10-07T20:06:47","guid":{"rendered":"https:\/\/elrustic.com\/?page_id=614"},"modified":"2025-10-08T00:09:48","modified_gmt":"2025-10-08T00:09:48","slug":"cookies","status":"publish","type":"page","link":"https:\/\/elrustic.com\/es\/cookies\/","title":{"rendered":"Cookies"},"content":{"rendered":"<div data-elementor-type=\"wp-page\" data-elementor-id=\"614\" class=\"elementor elementor-614\">\n\t\t\t\t<div class=\"elementor-element elementor-element-2b392c4 e-flex e-con-boxed e-con e-parent\" data-id=\"2b392c4\" data-element_type=\"container\" data-e-type=\"container\">\n\t\t\t\t\t<div class=\"e-con-inner\">\n\t\t\t\t<div class=\"elementor-element elementor-element-e252fa6 elementor-widget elementor-widget-text-editor\" data-id=\"e252fa6\" data-element_type=\"widget\" data-e-type=\"widget\" data-widget_type=\"text-editor.default\">\n\t\t\t\t\t\t\t\t\t<h2><span style=\"color: #ffffff;\">POL\u00cdTICA DE COOKIES<\/span><\/h2>\n<p><span style=\"color: #ffffff;\">La presente pol\u00edtica de cookies describe qu\u00e9 son y c\u00f3mo se utilizan las cookies en este sitio web de <strong>EL RUSTIC PIZZA<\/strong> (Terrassa, Barcelona; <a style=\"color: #ffffff;\" href=\"https:\/\/elrustic.com\/es\/\">https:\/\/elrustic.com<\/a>). Puede ajustar la configuraci\u00f3n de cookies en su navegador en cualquier momento.<\/span><\/p>\n<h3><span style=\"color: #ffffff;\">1. \u00bfQu\u00e9 son las cookies?<\/span><\/h3>\n<p><span style=\"color: #ffffff;\">Las cookies son peque\u00f1os archivos de texto que se descargan en el dispositivo del usuario al acceder a determinadas p\u00e1ginas web. Permiten almacenar y recuperar informaci\u00f3n sobre la navegaci\u00f3n, preferencias o dispositivo del usuario. Algunas cookies son esenciales, mientras que otras sirven para recordar preferencias o recopilar informaci\u00f3n estad\u00edstica.<\/span><\/p>\n<h3><span style=\"color: #ffffff;\">2. Tipos de cookies utilizadas<\/span><\/h3>\n<ul>\n<li><span style=\"color: #ffffff;\"><strong>Cookies t\u00e9cnicas o estrictamente necesarias:<\/strong> Permiten la navegaci\u00f3n por el sitio web y el uso de sus funcionalidades b\u00e1sicas. No requieren consentimiento previo.<\/span><\/li>\n<li><span style=\"color: #ffffff;\"><strong>Cookies de an\u00e1lisis o estad\u00edsticas:<\/strong> Permiten cuantificar el n\u00famero de usuarios y as\u00ed realizar el an\u00e1lisis estad\u00edstico de la utilizaci\u00f3n que hacen los usuarios del servicio. Esta informaci\u00f3n se utiliza \u00fanicamente para la mejora funcional del sitio.<\/span><\/li>\n<\/ul>\n<h3><span style=\"color: #ffffff;\">3. Cookies de terceros<\/span><\/h3>\n<p><span style=\"color: #ffffff;\">Este sitio web puede utilizar servicios de terceros para llevar a cabo an\u00e1lisis de audiencia o servicios estad\u00edsticos (como Google Analytics). Las cookies de terceros pueden ser gestionadas y configuradas directamente por estos proveedores, seg\u00fan sus pol\u00edticas propias.<\/span><\/p>\n<h3><span style=\"color: #ffffff;\">4. C\u00f3mo gestionar las cookies<\/span><\/h3>\n<p><span style=\"color: #ffffff;\">Puede ajustar, bloquear o eliminar las cookies instaladas en su dispositivo mediante la configuraci\u00f3n de su navegador. A continuaci\u00f3n tiene enlaces informativos para los principales navegadores:<\/span><\/p>\n<ul>\n<li><span style=\"color: #ffffff;\">Firefox: <span style=\"text-decoration: underline;\"><a style=\"color: #ffffff; text-decoration: underline;\" href=\"http:\/\/support.mozilla.org\/ca\/kb\/cookies-informacio-que-els-llocs-web-desen\">configuraci\u00f3n cookies Firefox<\/a><\/span><\/span><\/li>\n<li><span style=\"color: #ffffff;\">Chrome: <span style=\"text-decoration: underline;\"><a style=\"color: #ffffff; text-decoration: underline;\" href=\"https:\/\/support.google.com\/chrome\/answer\/95647?hl=ca\">configuraci\u00f3n cookies Chrome<\/a><\/span><\/span><\/li>\n<li><span style=\"color: #ffffff;\">Explorer: <span style=\"text-decoration: underline;\"><a style=\"color: #ffffff; text-decoration: underline;\" href=\"https:\/\/support.microsoft.com\/ca-es\/help\/17442\/windows-internet-explorer-delete-manage-cookies\">configuraci\u00f3n cookies Explorer<\/a><\/span><\/span><\/li>\n<li><span style=\"color: #ffffff;\">Safari: <span style=\"text-decoration: underline;\"><a style=\"color: #ffffff; text-decoration: underline;\" href=\"http:\/\/support.apple.com\/kb\/ph5042\">configuraci\u00f3n cookies Safari<\/a><\/span><\/span><\/li>\n<\/ul>\n<p><span style=\"color: #ffffff;\">Recuerde que la desactivaci\u00f3n de cookies puede afectar la funcionalidad y experiencia de uso de este sitio web.<\/span><\/p>\n<h3><span style=\"color: #ffffff;\">5. Actualizaciones de la pol\u00edtica de cookies<\/span><\/h3>\n<p><span style=\"color: #ffffff;\">Esta pol\u00edtica de cookies puede modificarse seg\u00fan las exigencias legales o por la evoluci\u00f3n de los servicios prestados. Se recomienda consultar regularmente su versi\u00f3n m\u00e1s reciente.<\/span><\/p>\n<p><span style=\"color: #ffffff;\"><strong>\u00daltima actualizaci\u00f3n:<\/strong> Octubre 2025<\/span><\/p>\t\t\t\t\t\t\t\t<\/div>\n\t\t\t\t\t<\/div>\n\t\t\t\t<\/div>\n\t\t\t\t<\/div>","protected":false},"excerpt":{"rendered":"<p>POL\u00cdTICA DE COOKIES La present pol\u00edtica de cookies descriu qu\u00e8 s\u00f3n i com s\u2019utilitzen les cookies en aquest lloc web de EL RUSTIC PIZZA (Terrassa, Barcelona; https:\/\/elrustic.com). Podeu ajustar la configuraci\u00f3 de cookies al vostre navegador en qualsevol moment. 1. Qu\u00e8 s\u00f3n les cookies? Les cookies s\u00f3n petits fitxers de text que es descarreguen al [&#8230;]\n","protected":false},"author":1,"featured_media":0,"parent":0,"menu_order":0,"comment_status":"closed","ping_status":"closed","template":"","meta":{"footnotes":""},"class_list":["post-614","page","type-page","status-publish","hentry"],"_links":{"self":[{"href":"https:\/\/elrustic.com\/es\/wp-json\/wp\/v2\/pages\/614","targetHints":{"allow":["GET"]}}],"collection":[{"href":"https:\/\/elrustic.com\/es\/wp-json\/wp\/v2\/pages"}],"about":[{"href":"https:\/\/elrustic.com\/es\/wp-json\/wp\/v2\/types\/page"}],"author":[{"embeddable":true,"href":"https:\/\/elrustic.com\/es\/wp-json\/wp\/v2\/users\/1"}],"replies":[{"embeddable":true,"href":"https:\/\/elrustic.com\/es\/wp-json\/wp\/v2\/comments?post=614"}],"version-history":[{"count":13,"href":"https:\/\/elrustic.com\/es\/wp-json\/wp\/v2\/pages\/614\/revisions"}],"predecessor-version":[{"id":652,"href":"https:\/\/elrustic.com\/es\/wp-json\/wp\/v2\/pages\/614\/revisions\/652"}],"wp:attachment":[{"href":"https:\/\/elrustic.com\/es\/wp-json\/wp\/v2\/media?parent=614"}],"curies":[{"name":"wp","href":"https:\/\/api.w.org\/{rel}","templated":true}]}}